{"id":92,"date":"2013-01-24T05:43:43","date_gmt":"2013-01-24T04:43:43","guid":{"rendered":"http:\/\/petschaften-archiv.de\/?page_id=92"},"modified":"2018-01-22T21:36:10","modified_gmt":"2018-01-22T20:36:10","slug":"x","status":"publish","type":"page","link":"http:\/\/petschaften-archiv.de\/?page_id=92","title":{"rendered":"Kontakt"},"content":{"rendered":"<div style=\"text-align: center;\">Kontakt: <a href=\"mailto:redaktion@petschaften-archiv.de\">redaktion@petschaften-archiv.de<\/a><\/div>\n<div style=\"text-align: center;\"><\/div>\n<div style=\"text-align: justify;\"><\/div>\n<p style=\"text-align: justify;\"><a title=\"Siegelstempel-Datenbank \u2013 Sortierung nach Typen und Zeiten\" href=\"http:\/\/petschaften-archiv.de\/?p=612\"><img decoding=\"async\" loading=\"lazy\" class=\"aligncenter size-medium wp-image-820\" title=\"Danke sch\u00f6n \" alt=\"\" src=\"http:\/\/petschaften-archiv.de\/wp-content\/uploads\/2013\/01\/zeit3-300x190.jpg\" width=\"300\" height=\"190\" srcset=\"http:\/\/petschaften-archiv.de\/wp-content\/uploads\/2013\/01\/zeit3-300x190.jpg 300w, http:\/\/petschaften-archiv.de\/wp-content\/uploads\/2013\/01\/zeit3.jpg 350w\" sizes=\"(max-width: 300px) 100vw, 300px\" \/><\/a><\/p>\n<p style=\"text-align: justify;\">Vielen Dank auch nochmal an die Jungs und M\u00e4dels vom Bodenfundforum, Sucherforum, Detektorforum und anderen Helfern f\u00fcr die eingesandten Fotos. Das Petschaften-Archiv existiert nur durch eine zahlreiche Unterst\u00fctzung. Recht herzlichen Dank !<\/p>\n","protected":false},"excerpt":{"rendered":"<p>Kontakt: redaktion@petschaften-archiv.de Vielen Dank auch nochmal an die Jungs und M\u00e4dels vom Bodenfundforum, Sucherforum, Detektorforum und anderen Helfern f\u00fcr die eingesandten Fotos. Das Petschaften-Archiv existiert nur durch eine zahlreiche Unterst\u00fctzung. Recht herzlichen Dank !<\/p>\n","protected":false},"author":1,"featured_media":0,"parent":0,"menu_order":0,"comment_status":"closed","ping_status":"closed","template":"","meta":[],"_links":{"self":[{"href":"http:\/\/petschaften-archiv.de\/index.php?rest_route=\/wp\/v2\/pages\/92"}],"collection":[{"href":"http:\/\/petschaften-archiv.de\/index.php?rest_route=\/wp\/v2\/pages"}],"about":[{"href":"http:\/\/petschaften-archiv.de\/index.php?rest_route=\/wp\/v2\/types\/page"}],"author":[{"embeddable":true,"href":"http:\/\/petschaften-archiv.de\/index.php?rest_route=\/wp\/v2\/users\/1"}],"replies":[{"embeddable":true,"href":"http:\/\/petschaften-archiv.de\/index.php?rest_route=%2Fwp%2Fv2%2Fcomments&post=92"}],"version-history":[{"count":23,"href":"http:\/\/petschaften-archiv.de\/index.php?rest_route=\/wp\/v2\/pages\/92\/revisions"}],"predecessor-version":[{"id":431,"href":"http:\/\/petschaften-archiv.de\/index.php?rest_route=\/wp\/v2\/pages\/92\/revisions\/431"}],"wp:attachment":[{"href":"http:\/\/petschaften-archiv.de\/index.php?rest_route=%2Fwp%2Fv2%2Fmedia&parent=92"}],"curies":[{"name":"wp","href":"https:\/\/api.w.org\/{rel}","templated":true}]}}